{"id":86,"date":"2015-06-24T13:16:32","date_gmt":"2015-06-24T13:16:32","guid":{"rendered":"http:\/\/motoculture27.com\/?page_id=86"},"modified":"2020-09-21T09:57:49","modified_gmt":"2020-09-21T09:57:49","slug":"staub","status":"publish","type":"page","link":"https:\/\/motoculture27.com\/?page_id=86","title":{"rendered":"KUBOTA"},"content":{"rendered":"\n\t<p>Nous travaillons en \u00e9troite collaboration avec un revendeur officiel Kubota, n&rsquo;h\u00e9sitez pas \u00e0 nous contacter : 02 32 49 75 91<\/p>\n<a href=\"http:\/\/www.calameo.com\/books\/0044125265482f4c7e41b\" target=\"_blank\" rel=\"noopener noreferrer\">GR1600 II<\/a>\n<iframe loading=\"lazy\" src=\"\/\/v.calameo.com\/?bkcode=0044125265482f4c7e41b\" width=\"300\" height=\"194\" frameborder=\"0\" scrolling=\"no\" allowtransparency allowfullscreen style=\"margin:0 auto;\"><\/iframe><br \/>\n<a href=\"http:\/\/www.calameo.com\/\">Publish at Calameo<\/a>\n<a href=\"http:\/\/www.calameo.com\/books\/0044125268978636a293c\" target=\"_blank\" rel=\"noopener noreferrer\">Kubota GR2120 FR<\/a>\n<iframe loading=\"lazy\" src=\"\/\/v.calameo.com\/?bkcode=0044125268978636a293c\" width=\"300\" height=\"194\" frameborder=\"0\" scrolling=\"no\" allowtransparency allowfullscreen style=\"margin:0 auto;\"><\/iframe><br \/>\n<a href=\"http:\/\/www.calameo.com\/\">Publish at Calameo<\/a>\n<a href=\"http:\/\/www.calameo.com\/books\/004412526dcc8e08dd6b0\" target=\"_blank\" rel=\"noopener noreferrer\">G23 G26 Fr 4<\/a>\n<iframe loading=\"lazy\" src=\"\/\/v.calameo.com\/?bkcode=004412526dcc8e08dd6b0\" width=\"300\" height=\"194\" frameborder=\"0\" scrolling=\"no\" allowtransparency allowfullscreen style=\"margin:0 auto;\"><\/iframe><br \/>\n<a href=\"http:\/\/www.calameo.com\/\">Publish at Calameo<\/a>\n<a href=\"http:\/\/www.calameo.com\/books\/0044125263870c6227f83\" target=\"_blank\" rel=\"noopener noreferrer\">F2880 F3680 2 2<\/a>\n<iframe loading=\"lazy\" src=\"\/\/v.calameo.com\/?bkcode=0044125263870c6227f83\" width=\"300\" height=\"194\" frameborder=\"0\" scrolling=\"no\" allowtransparency allowfullscreen style=\"margin:0 auto;\"><\/iframe><br \/>\n<a href=\"http:\/\/www.calameo.com\/\">Publish at Calameo<\/a>\n<a href=\"http:\/\/www.calameo.com\/books\/004412526daf7b4a39981\" target=\"_blank\" rel=\"noopener noreferrer\">B1220 1620 1820 Fre Final 2<\/a>\n<iframe loading=\"lazy\" src=\"\/\/v.calameo.com\/?bkcode=004412526daf7b4a39981\" width=\"300\" height=\"194\" frameborder=\"0\" scrolling=\"no\" allowtransparency allowfullscreen style=\"margin:0 auto;\"><\/iframe><br \/>\n<a href=\"http:\/\/www.calameo.com\/\">Publish at Calameo<\/a>\n<a href=\"http:\/\/www.calameo.com\/books\/004412526e1d68a37eb66\" target=\"_blank\" rel=\"noopener noreferrer\">05 511 RTV900 KEfr 2<\/a>\n<iframe loading=\"lazy\" src=\"\/\/v.calameo.com\/?bkcode=004412526e1d68a37eb66\" width=\"300\" height=\"194\" frameborder=\"0\" scrolling=\"no\" allowtransparency allowfullscreen style=\"margin:0 auto;\"><\/iframe><br \/>\n<a href=\"http:\/\/www.calameo.com\/\">Publish at Calameo<\/a>\n<a href=\"http:\/\/www.calameo.com\/books\/00441252662f779331575\" target=\"_blank\" rel=\"noopener noreferrer\">ZD326 KE 6p<\/a>\n<iframe loading=\"lazy\" src=\"\/\/v.calameo.com\/?bkcode=00441252662f779331575\" width=\"300\" height=\"194\" frameborder=\"0\" scrolling=\"no\" allowtransparency allowfullscreen style=\"margin:0 auto;\"><\/iframe><br \/>\n<a href=\"http:\/\/www.calameo.com\/\">Publish at Calameo<\/a>\n","protected":false},"excerpt":{"rendered":"<p>Nous travaillons en \u00e9troite collaboration avec un revendeur officiel Kubota, n&rsquo;h\u00e9sitez pas \u00e0 nous contacter : 02 32 49 75 91 GR1600 II Publish at Calameo Kubota GR2120 FR Publish at Calameo G23 G26 Fr 4 Publish at Calameo F2880 &hellip; <a href=\"https:\/\/motoculture27.com\/?page_id=86\">Continuer la lecture <span class=\"meta-nav\">&rarr;<\/span><\/a><\/p>\n","protected":false},"author":1,"featured_media":0,"parent":0,"menu_order":0,"comment_status":"closed","ping_status":"closed","template":"","meta":{"_monsterinsights_skip_tracking":false,"_monsterinsights_sitenote_active":false,"_monsterinsights_sitenote_note":"","_monsterinsights_sitenote_category":0,"ngg_post_thumbnail":0,"footnotes":""},"_links":{"self":[{"href":"https:\/\/motoculture27.com\/index.php?rest_route=\/wp\/v2\/pages\/86"}],"collection":[{"href":"https:\/\/motoculture27.com\/index.php?rest_route=\/wp\/v2\/pages"}],"about":[{"href":"https:\/\/motoculture27.com\/index.php?rest_route=\/wp\/v2\/types\/page"}],"author":[{"embeddable":true,"href":"https:\/\/motoculture27.com\/index.php?rest_route=\/wp\/v2\/users\/1"}],"replies":[{"embeddable":true,"href":"https:\/\/motoculture27.com\/index.php?rest_route=%2Fwp%2Fv2%2Fcomments&post=86"}],"version-history":[{"count":0,"href":"https:\/\/motoculture27.com\/index.php?rest_route=\/wp\/v2\/pages\/86\/revisions"}],"wp:attachment":[{"href":"https:\/\/motoculture27.com\/index.php?rest_route=%2Fwp%2Fv2%2Fmedia&parent=86"}],"curies":[{"name":"wp","href":"https:\/\/api.w.org\/{rel}","templated":true}]}}