{"id":80,"date":"2015-06-24T13:15:56","date_gmt":"2015-06-24T13:15:56","guid":{"rendered":"http:\/\/motoculture27.com\/?page_id=80"},"modified":"2020-09-21T10:04:13","modified_gmt":"2020-09-21T10:04:13","slug":"viking","status":"publish","type":"page","link":"https:\/\/motoculture27.com\/?page_id=80","title":{"rendered":"VIKING devient STIHL"},"content":{"rendered":"<h1>Les produits STIHL et VIKING seront vendus sous une seule et unique marque : STIHL.<\/h1>\n<p>Depuis&nbsp;le 1er juillet, l\u2019entreprise VIKING bas\u00e9e \u00e0 Langkampfen, en Autriche, est rebaptis\u00e9e STIHL Tirol. Cette \u00e9volution s\u2019inscrit dans le cadre plus large du changement de marque de VIKING \u00e0 STIHL, puisqu\u2019\u00e0 partir de 2019, toutes les gammes de produits VIKING seront commercialis\u00e9es sous la marque STIHL :\u00ab En d\u00e9but d\u2019ann\u00e9e, nous avons fait passer nos premiers outils, \u00e0 savoir les tondeuses \u00e0 batterie, du vert \u00e0 l\u2019orange. A pr\u00e9sent, le changement de marque se refl\u00e8te et se concr\u00e9tise dans l\u2019identit\u00e9 de l\u2019entreprise \u00bb a annonc\u00e9 Bertram Kandziora, le pr\u00e9sident du conseil d\u2019administration du groupe STIHL.<\/p>\n<p>STIHL Tirol, en tant que centre d\u2019excellence pour les outils de jardin roulants, continuera \u00e0 fabriquer et \u00e0 d\u00e9velopper ces produits conjointement avec la maison-m\u00e8re STIHL. Une large part des outils \u00e0 batterie et \u00e9lectriques filaires STIHL sont produits dans les installations de Langkampfen, qui constituent un \u00e9l\u00e9ment cl\u00e9 du r\u00e9seau mondial de production STIHL.Clemens Schaller, le pr\u00e9sident de STIHL Tirol, a ainsi d\u00e9clar\u00e9 que \u00ab pour faire face \u00e0 l\u2019augmentation de la demande globale en outils de jardin \u00e0 laquelle nous nous attendons, nous avons r\u00e9cemment consacr\u00e9 22,8 millions d\u2019euros \u00e0 l\u2019extension de nos capacit\u00e9s de production et de d\u00e9veloppement-produit \u00e0 Langkampfen. Cet investissement record cr\u00e9\u00e9 directement 100 nouveaux emplois et permet de poursuivre notre croissance dans les meilleures conditions, sur notre site de Langkampfen \u00bb.<\/p>\n<p>Le groupe STIHL a enfin rappel\u00e9 que tous les engagements concernant la garantie, le service et les pi\u00e8ces d\u00e9tach\u00e9es des produits VIKING s\u2019appliqueront encore apr\u00e8s le changement de marque.<\/p>\n<p><a href=\"http:\/\/motoculture27.com\/wp-content\/uploads\/2015\/06\/logo-stihl.jpg\"><img loading=\"lazy\" decoding=\"async\" class=\" size-full wp-image-265 aligncenter\" src=\"http:\/\/motoculture27.com\/wp-content\/uploads\/2015\/06\/logo-stihl.jpg\" alt=\"logo stihl\" width=\"150\" height=\"129\"><\/a><\/p>\n<p style=\"text-align: center;\"><a href=\"https:\/\/www.facebook.com\/OMNES.LOISIRS\/?ref=aymt_homepage_panel\" class=\"broken_link\">https:\/\/www.facebook.com\/OMNES.LOISIRS\/?ref=aymt_homepage_panel<\/a><\/p>\n<div style=\"text-align: center;\">\n<div style=\"margin: 8px 0px 4px; text-align: center;\">&nbsp;<\/div>\n<p>&nbsp;<\/p>\n<div style=\"margin: 4px 0px 8px;\">&nbsp;<\/div>\n<\/div>\n","protected":false},"excerpt":{"rendered":"<p>Les produits STIHL et VIKING seront vendus sous une seule et unique marque : STIHL. Depuis&nbsp;le 1er juillet, l\u2019entreprise VIKING bas\u00e9e \u00e0 Langkampfen, en Autriche, est rebaptis\u00e9e STIHL Tirol. Cette \u00e9volution s\u2019inscrit dans le cadre plus large du changement de &hellip; <a href=\"https:\/\/motoculture27.com\/?page_id=80\">Continuer la lecture <span class=\"meta-nav\">&rarr;<\/span><\/a><\/p>\n","protected":false},"author":1,"featured_media":0,"parent":0,"menu_order":0,"comment_status":"closed","ping_status":"closed","template":"","meta":{"_monsterinsights_skip_tracking":false,"_monsterinsights_sitenote_active":false,"_monsterinsights_sitenote_note":"","_monsterinsights_sitenote_category":0,"ngg_post_thumbnail":0,"footnotes":""},"_links":{"self":[{"href":"https:\/\/motoculture27.com\/index.php?rest_route=\/wp\/v2\/pages\/80"}],"collection":[{"href":"https:\/\/motoculture27.com\/index.php?rest_route=\/wp\/v2\/pages"}],"about":[{"href":"https:\/\/motoculture27.com\/index.php?rest_route=\/wp\/v2\/types\/page"}],"author":[{"embeddable":true,"href":"https:\/\/motoculture27.com\/index.php?rest_route=\/wp\/v2\/users\/1"}],"replies":[{"embeddable":true,"href":"https:\/\/motoculture27.com\/index.php?rest_route=%2Fwp%2Fv2%2Fcomments&post=80"}],"version-history":[{"count":0,"href":"https:\/\/motoculture27.com\/index.php?rest_route=\/wp\/v2\/pages\/80\/revisions"}],"wp:attachment":[{"href":"https:\/\/motoculture27.com\/index.php?rest_route=%2Fwp%2Fv2%2Fmedia&parent=80"}],"curies":[{"name":"wp","href":"https:\/\/api.w.org\/{rel}","templated":true}]}}