{"id":54,"date":"2015-06-24T12:23:16","date_gmt":"2015-06-24T12:23:16","guid":{"rendered":"http:\/\/motoculture27.com\/?page_id=54"},"modified":"2025-04-23T07:46:28","modified_gmt":"2025-04-23T07:46:28","slug":"nos-prestations","status":"publish","type":"page","link":"https:\/\/motoculture27.com\/?page_id=54","title":{"rendered":"NOS PRESTATIONS"},"content":{"rendered":"<p>&nbsp;<\/p>\n<p><em><strong>OMN\u00c8S LOISIRS<\/strong><\/em> vous propose une large gamme de machines, produits, accessoires, v\u00eatements, chaussures, et pi\u00e8ces d\u00e9tach\u00e9es, pour l\u2019entretien de vos jardins.<br \/>\nVous trouverez chez nous des avis, astuces et conseils \u00e0 toutes vos demandes, adapt\u00e9s \u00e0 vos besoins.<\/p>\n<p style=\"text-align: left;\">Que vous soyer utilisateur occasionnel, professionnel ou une collectivit\u00e9, nous trouverons une solution \u00e0 toute vos attentes adapt\u00e9e \u00e0 votre budget, pour que votre satisfaction devienne la notre.<\/p>\n<p>Dans nos ateliers&nbsp;nous prenons en charge la r\u00e9paration et l\u2019entretien des produits vendus en nos magasins ainsi que les produits non commercialis\u00e9s par nos soins.<\/p>\n<p>Nous sommes \u00e9galement \u00e0 disposition de notre client\u00e8le pour tout renseignement relatif au fonctionnement des machines et de leur utilisation en g\u00e9n\u00e9ral.<\/p>\n<p>&#8211; R\u00e9paration toutes marques, &nbsp;2 temps et 4 temps (Essence &amp; Diesel)<\/p>\n<p>&#8211; Prise de mat\u00e9riels et livraisons \u00e0 domicile.<\/p>\n<p>&#8211; R\u00e9paration dans nos ateliers (SAV &amp; Garantie).<\/p>\n<p style=\"text-align: center;\"><span style=\"text-decoration: underline;\"><em><strong>NOTRE FORCE :<\/strong><\/em><\/span><\/p>\n<p style=\"text-align: center;\">La qualit\u00e9 de notre service<\/p>\n<p style=\"text-align: center;\">La ma\u00eetrise parfaite de nos produits<\/p>\n<p style=\"text-align: center;\">Notre atelier de m\u00e9canique<\/p>\n<p style=\"text-align: center;\"><strong>Consultez-nous pour tous renseignements !<\/strong><\/p>\n<p>&nbsp;<\/p>\n","protected":false},"excerpt":{"rendered":"<p>&nbsp; OMN\u00c8S LOISIRS vous propose une large gamme de machines, produits, accessoires, v\u00eatements, chaussures, et pi\u00e8ces d\u00e9tach\u00e9es, pour l\u2019entretien de vos jardins. Vous trouverez chez nous des avis, astuces et conseils \u00e0 toutes vos demandes, adapt\u00e9s \u00e0 vos besoins. Que &hellip; <a href=\"https:\/\/motoculture27.com\/?page_id=54\">Continuer la lecture <span class=\"meta-nav\">&rarr;<\/span><\/a><\/p>\n","protected":false},"author":1,"featured_media":0,"parent":0,"menu_order":0,"comment_status":"closed","ping_status":"closed","template":"","meta":{"_monsterinsights_skip_tracking":false,"_monsterinsights_sitenote_active":false,"_monsterinsights_sitenote_note":"","_monsterinsights_sitenote_category":0,"ngg_post_thumbnail":0,"footnotes":""},"_links":{"self":[{"href":"https:\/\/motoculture27.com\/index.php?rest_route=\/wp\/v2\/pages\/54"}],"collection":[{"href":"https:\/\/motoculture27.com\/index.php?rest_route=\/wp\/v2\/pages"}],"about":[{"href":"https:\/\/motoculture27.com\/index.php?rest_route=\/wp\/v2\/types\/page"}],"author":[{"embeddable":true,"href":"https:\/\/motoculture27.com\/index.php?rest_route=\/wp\/v2\/users\/1"}],"replies":[{"embeddable":true,"href":"https:\/\/motoculture27.com\/index.php?rest_route=%2Fwp%2Fv2%2Fcomments&post=54"}],"version-history":[{"count":1,"href":"https:\/\/motoculture27.com\/index.php?rest_route=\/wp\/v2\/pages\/54\/revisions"}],"predecessor-version":[{"id":3841,"href":"https:\/\/motoculture27.com\/index.php?rest_route=\/wp\/v2\/pages\/54\/revisions\/3841"}],"wp:attachment":[{"href":"https:\/\/motoculture27.com\/index.php?rest_route=%2Fwp%2Fv2%2Fmedia&parent=54"}],"curies":[{"name":"wp","href":"https:\/\/api.w.org\/{rel}","templated":true}]}}