{"id":385,"date":"2015-10-09T14:01:14","date_gmt":"2015-10-09T14:01:14","guid":{"rendered":"http:\/\/motoculture27.com\/?page_id=385"},"modified":"2024-11-14T15:54:22","modified_gmt":"2024-11-14T15:54:22","slug":"actualites","status":"publish","type":"page","link":"https:\/\/motoculture27.com\/?page_id=385","title":{"rendered":"ACTUALITES"},"content":{"rendered":"\n<p><a href=\"https:\/\/motoculture27.com\/wp-content\/uploads\/2024\/11\/ACTUALITE-NEWS.jpg\"><img loading=\"lazy\" decoding=\"async\" class=\"size-medium wp-image-3820 aligncenter\" src=\"https:\/\/motoculture27.com\/wp-content\/uploads\/2024\/11\/ACTUALITE-NEWS-300x300.jpg\" alt=\"\" width=\"300\" height=\"300\" srcset=\"https:\/\/motoculture27.com\/wp-content\/uploads\/2024\/11\/ACTUALITE-NEWS-300x300.jpg 300w, https:\/\/motoculture27.com\/wp-content\/uploads\/2024\/11\/ACTUALITE-NEWS-1024x1024.jpg 1024w, https:\/\/motoculture27.com\/wp-content\/uploads\/2024\/11\/ACTUALITE-NEWS-150x150.jpg 150w, https:\/\/motoculture27.com\/wp-content\/uploads\/2024\/11\/ACTUALITE-NEWS-768x768.jpg 768w, https:\/\/motoculture27.com\/wp-content\/uploads\/2024\/11\/ACTUALITE-NEWS.jpg 1280w\" sizes=\"(max-width: 300px) 100vw, 300px\" \/><\/a><\/p>\n\n\n\n<p>&nbsp;<\/p>\n<p style=\"text-align: center;\"><em><strong>AUTOMNE &#8211; HIVER<\/strong><\/em><\/p>\n<p>L&rsquo;automne est la saison id\u00e9ale pour pr\u00e9parer et nettoyer votre jardin ! Ce jardin d\u2019avance, c\u2019est le jardin qui donnera<br>le meilleur de lui-m\u00eame. Pourquoi ?<br>Parc<span class=\"text_exposed_show\">e que vous l\u2019aurez bien pr\u00e9par\u00e9 !<br>Vous aurez su adopter les bons gestes au bon<br>moment, le tout \u00e9quip\u00e9 d\u2019un mat\u00e9riel de pointe.<\/span><\/p>\n<div class=\"text_exposed_show\">\n<p>Pour cela, vous pouvez compter sur notre \u00e9quipe,<br>aff\u00fbt\u00e9e toute l\u2019ann\u00e9e pour pr\u00e9parer au mieux vos<br>machines et assurer une maintenance irr\u00e9prochable !<\/p>\n<p>Nous sommes impatients de vous accueillir et de vous faire d\u00e9couvrir nos nouveaux produits et nos services.<\/p>\n<p>Que vous soyez particulier ou professionnel, nous avons ce qu\u2019il vous faut.<\/p>\n<p>Profitez des offres pour vous \u00e9quipez.<a href=\"http:\/\/motoculture27.com\/wp-content\/uploads\/2019\/10\/HIVER-2019-MAG-1.jpg\"><img loading=\"lazy\" decoding=\"async\" class=\"alignnone wp-image-2198 \" src=\"http:\/\/motoculture27.com\/wp-content\/uploads\/2019\/10\/HIVER-2019-MAG-1.jpg\" alt=\"\" width=\"619\" height=\"464\" srcset=\"https:\/\/motoculture27.com\/wp-content\/uploads\/2019\/10\/HIVER-2019-MAG-1.jpg 2016w, https:\/\/motoculture27.com\/wp-content\/uploads\/2019\/10\/HIVER-2019-MAG-1-300x225.jpg 300w, https:\/\/motoculture27.com\/wp-content\/uploads\/2019\/10\/HIVER-2019-MAG-1-768x576.jpg 768w, https:\/\/motoculture27.com\/wp-content\/uploads\/2019\/10\/HIVER-2019-MAG-1-1024x768.jpg 1024w, https:\/\/motoculture27.com\/wp-content\/uploads\/2019\/10\/HIVER-2019-MAG-1-400x300.jpg 400w\" sizes=\"(max-width: 619px) 100vw, 619px\" \/><\/a><a href=\"http:\/\/motoculture27.com\/wp-content\/uploads\/2019\/10\/HIVER-2019-MAG-3.jpg\"><mark><img loading=\"lazy\" decoding=\"async\" class=\"aligncenter wp-image-2200 \" src=\"http:\/\/motoculture27.com\/wp-content\/uploads\/2019\/10\/HIVER-2019-MAG-3.jpg\" alt=\"\" width=\"343\" height=\"460\" srcset=\"https:\/\/motoculture27.com\/wp-content\/uploads\/2019\/10\/HIVER-2019-MAG-3.jpg 1504w, https:\/\/motoculture27.com\/wp-content\/uploads\/2019\/10\/HIVER-2019-MAG-3-224x300.jpg 224w, https:\/\/motoculture27.com\/wp-content\/uploads\/2019\/10\/HIVER-2019-MAG-3-768x1029.jpg 768w, https:\/\/motoculture27.com\/wp-content\/uploads\/2019\/10\/HIVER-2019-MAG-3-764x1024.jpg 764w\" sizes=\"(max-width: 343px) 100vw, 343px\" \/><\/mark><span style=\"background-color: #ffffff; color: #333333;\">************************************************************************************************<\/span><\/a><\/p>\n<\/div>\n\n\n<p>&nbsp;<a href=\"http:\/\/motoculture27.com\/wp-content\/uploads\/2019\/01\/entretien-tondeuse.png\"><img loading=\"lazy\" decoding=\"async\" class=\"wp-image-1749 alignleft\" src=\"http:\/\/motoculture27.com\/wp-content\/uploads\/2019\/01\/entretien-tondeuse-300x300.png\" alt=\"\" width=\"202\" height=\"202\" srcset=\"https:\/\/motoculture27.com\/wp-content\/uploads\/2019\/01\/entretien-tondeuse-300x300.png 300w, https:\/\/motoculture27.com\/wp-content\/uploads\/2019\/01\/entretien-tondeuse-150x150.png 150w, https:\/\/motoculture27.com\/wp-content\/uploads\/2019\/01\/entretien-tondeuse-301x300.png 301w, https:\/\/motoculture27.com\/wp-content\/uploads\/2019\/01\/entretien-tondeuse.png 601w\" sizes=\"(max-width: 202px) 100vw, 202px\" \/><\/a>&nbsp; &nbsp; &nbsp; &nbsp; &nbsp; &nbsp;&nbsp;<a href=\"http:\/\/motoculture27.com\/wp-content\/uploads\/2019\/01\/entretien-garden-2179095_1920.jpg\"><img loading=\"lazy\" decoding=\"async\" class=\"alignnone  wp-image-1745\" src=\"http:\/\/motoculture27.com\/wp-content\/uploads\/2019\/01\/entretien-garden-2179095_1920-300x200.jpg\" alt=\"\" width=\"298\" height=\"202\"><\/a><\/p>\n<p style=\"text-align: center;\">Chers clients,<br>Pensez \u00e0 faire r\u00e9viser votre mat\u00e9riel.<br>Pour avoir l&rsquo;assurance d&rsquo;un mat\u00e9riel en bon \u00e9tat de fonctionnement au printemps, voila l&rsquo;occasion de nous le confier. Venez profiter de nos forfaits r\u00e9visions (Tondeuse, autoport\u00e9e, motoculteur, d\u00e9broussailleuse, taille haie, tron\u00e7onneuse&#8230;..).<br>A bient\u00f4t.<\/p>\n<h2><a href=\"http:\/\/motoculture27.com\/wp-content\/uploads\/2019\/01\/entretien-staub.jpg\"><img loading=\"lazy\" decoding=\"async\" class=\"wp-image-1746 alignnone\" src=\"http:\/\/motoculture27.com\/wp-content\/uploads\/2019\/01\/entretien-staub-300x169.jpg\" alt=\"\" width=\"197\" height=\"111\" srcset=\"https:\/\/motoculture27.com\/wp-content\/uploads\/2019\/01\/entretien-staub-300x169.jpg 300w, https:\/\/motoculture27.com\/wp-content\/uploads\/2019\/01\/entretien-staub-768x432.jpg 768w, https:\/\/motoculture27.com\/wp-content\/uploads\/2019\/01\/entretien-staub-1024x576.jpg 1024w, https:\/\/motoculture27.com\/wp-content\/uploads\/2019\/01\/entretien-staub-500x281.jpg 500w, https:\/\/motoculture27.com\/wp-content\/uploads\/2019\/01\/entretien-staub.jpg 1280w\" sizes=\"(max-width: 197px) 100vw, 197px\" \/><\/a>&nbsp; &nbsp; &nbsp; &nbsp; &nbsp;<a href=\"http:\/\/motoculture27.com\/wp-content\/uploads\/2019\/01\/entretien-taille-haies.jpg\"><img loading=\"lazy\" decoding=\"async\" class=\"size-medium wp-image-1747 alignnone\" src=\"http:\/\/motoculture27.com\/wp-content\/uploads\/2019\/01\/entretien-taille-haies-300x113.jpg\" alt=\"\" width=\"300\" height=\"113\" srcset=\"https:\/\/motoculture27.com\/wp-content\/uploads\/2019\/01\/entretien-taille-haies-300x113.jpg 300w, https:\/\/motoculture27.com\/wp-content\/uploads\/2019\/01\/entretien-taille-haies-500x188.jpg 500w, https:\/\/motoculture27.com\/wp-content\/uploads\/2019\/01\/entretien-taille-haies.jpg 730w\" sizes=\"(max-width: 300px) 100vw, 300px\" \/><\/a><\/h2>\n<p>&nbsp;<\/p>\n<h2 style=\"text-align: center;\">&nbsp;<\/h2>\n<div class=\"col_42\" style=\"text-align: center;\">***********************************************************************<\/div>\n<h2 style=\"text-align: center;\"><em><strong>SAISON&nbsp;AUTOMNALE ET HIVERNALE<\/strong><\/em>&nbsp;<\/h2>\n<h2 style=\"text-align: center;\"><a href=\"http:\/\/motoculture27.com\/wp-content\/uploads\/2015\/10\/AUTOMNE-BANC-FEUILLES.jpg\"><img loading=\"lazy\" decoding=\"async\" class=\"alignnone wp-image-638\" src=\"http:\/\/motoculture27.com\/wp-content\/uploads\/2015\/10\/AUTOMNE-BANC-FEUILLES-300x200.jpg\" alt=\"automne-banc-feuilles\" width=\"262\" height=\"179\"><\/a><a href=\"http:\/\/motoculture27.com\/wp-content\/uploads\/2015\/10\/AUTOMNE.jpg\"><img loading=\"lazy\" decoding=\"async\" class=\"alignnone wp-image-639\" src=\"http:\/\/motoculture27.com\/wp-content\/uploads\/2015\/10\/AUTOMNE-300x200.jpg\" alt=\"automne\" width=\"266\" height=\"182\"><\/a><\/h2>\n<p style=\"text-align: center;\">L&rsquo;arriv\u00e9e de l&rsquo;automne annonce la saison des feuilles mortes. Fastidieux, le ramassage des feuilles est pourtant un geste n\u00e9cessaire pour assurer la bonne sant\u00e9 de votre jardin. Les feuilles tomb\u00e9es sur votre gazon ou vos massifs favorisent l&rsquo;apparition de maladies et la prolif\u00e9ration de parasites.&nbsp;Ramasser les feuilles mortes est donc de garantir un joli gazon pour le printemps futur.&nbsp;Les outils pour ramasser et broyer les feuilles mortes et les d\u00e9chets v\u00e9g\u00e9taux ne manquent pas. N&rsquo;h\u00e9sitez pas \u00e0 nous contacter pour tous conseils sur la machine la plus adapt\u00e9e \u00e0 vos besoins.<\/p>\n<p style=\"text-align: center;\">*******************************************************************<\/p>\n<h2 style=\"text-align: center;\">OMN\u00c8S LOISIRS vous remercie de votre confiance&nbsp;<\/h2>\n<p style=\"text-align: center;\">&nbsp;<\/p>\n\n<div class=\"wp-block-image\">\n<figure class=\"aligncenter size-full is-resized\"><a href=\"https:\/\/motoculture27.com\/wp-content\/uploads\/2024\/11\/nous-maxim-et-kylian-1.jpg\"><img loading=\"lazy\" decoding=\"async\" width=\"365\" height=\"659\" src=\"https:\/\/motoculture27.com\/wp-content\/uploads\/2024\/11\/nous-maxim-et-kylian-1.jpg\" alt=\"\" class=\"wp-image-3825\" style=\"width:278px;height:auto\" srcset=\"https:\/\/motoculture27.com\/wp-content\/uploads\/2024\/11\/nous-maxim-et-kylian-1.jpg 365w, https:\/\/motoculture27.com\/wp-content\/uploads\/2024\/11\/nous-maxim-et-kylian-1-166x300.jpg 166w\" sizes=\"(max-width: 365px) 100vw, 365px\" \/><\/a><\/figure><\/div>","protected":false},"excerpt":{"rendered":"<p>&nbsp; AUTOMNE &#8211; HIVER L&rsquo;automne est la saison id\u00e9ale pour pr\u00e9parer et nettoyer votre jardin ! Ce jardin d\u2019avance, c\u2019est le jardin qui donnerale meilleur de lui-m\u00eame. Pourquoi ?Parce que vous l\u2019aurez bien pr\u00e9par\u00e9 !Vous aurez su adopter les bons &hellip; <a href=\"https:\/\/motoculture27.com\/?page_id=385\">Continuer la lecture <span class=\"meta-nav\">&rarr;<\/span><\/a><\/p>\n","protected":false},"author":1,"featured_media":0,"parent":0,"menu_order":0,"comment_status":"closed","ping_status":"closed","template":"","meta":{"_monsterinsights_skip_tracking":false,"_monsterinsights_sitenote_active":false,"_monsterinsights_sitenote_note":"","_monsterinsights_sitenote_category":0,"ngg_post_thumbnail":0,"footnotes":""},"_links":{"self":[{"href":"https:\/\/motoculture27.com\/index.php?rest_route=\/wp\/v2\/pages\/385"}],"collection":[{"href":"https:\/\/motoculture27.com\/index.php?rest_route=\/wp\/v2\/pages"}],"about":[{"href":"https:\/\/motoculture27.com\/index.php?rest_route=\/wp\/v2\/types\/page"}],"author":[{"embeddable":true,"href":"https:\/\/motoculture27.com\/index.php?rest_route=\/wp\/v2\/users\/1"}],"replies":[{"embeddable":true,"href":"https:\/\/motoculture27.com\/index.php?rest_route=%2Fwp%2Fv2%2Fcomments&post=385"}],"version-history":[{"count":5,"href":"https:\/\/motoculture27.com\/index.php?rest_route=\/wp\/v2\/pages\/385\/revisions"}],"predecessor-version":[{"id":3826,"href":"https:\/\/motoculture27.com\/index.php?rest_route=\/wp\/v2\/pages\/385\/revisions\/3826"}],"wp:attachment":[{"href":"https:\/\/motoculture27.com\/index.php?rest_route=%2Fwp%2Fv2%2Fmedia&parent=385"}],"curies":[{"name":"wp","href":"https:\/\/api.w.org\/{rel}","templated":true}]}}