{"id":3756,"date":"2023-06-27T09:05:52","date_gmt":"2023-06-27T09:05:52","guid":{"rendered":"https:\/\/motoculture27.com\/?page_id=3756"},"modified":"2023-06-27T09:05:52","modified_gmt":"2023-06-27T09:05:52","slug":"politique-de-confidentialite","status":"publish","type":"page","link":"https:\/\/motoculture27.com\/?page_id=3756","title":{"rendered":"Politique de confidentialit\u00e9"},"content":{"rendered":"\n<h2 class=\"wp-block-heading\" id=\"qui-sommes-nous\">Qui sommes-nous&nbsp;?<\/h2>\n\n\n\n<ul>\n<li>EI OMNES LOISIRS<\/li>\n\n\n\n<li>omnes.xavier@neuf.fr<\/li>\n\n\n\n<li>https:\/\/motoculture27.com\/<\/li>\n<\/ul>\n\n\n\n<hr class=\"wp-block-separator has-alpha-channel-opacity\"\/>\n\n\n\n<h2 class=\"wp-block-heading\" id=\"formulaires\">Formulaires de contact<\/h2>\n\n\n\n<p>Les informations fournies dans le formulaire de contact ne seront utilis\u00e9es que dans le cadre d&rsquo;\u00e9change d&rsquo;informations.<\/p>\n\n\n\n<hr class=\"wp-block-separator has-alpha-channel-opacity\"\/>\n\n\n\n<h2 class=\"wp-block-heading\" id=\"cookies\">Cookies<\/h2>\n\n\n\n<p>Lorsque vous vous connecterez, nous mettrons en place un certain nombre de cookies pour enregistrer vos informations de connexion et vos pr\u00e9f\u00e9rences d\u2019\u00e9cran. La dur\u00e9e de vie d\u2019un cookie de connexion est de deux jours, celle d\u2019un cookie d\u2019option d\u2019\u00e9cran est d\u2019un an. Si vous cochez \u00ab Se souvenir de moi \u00bb, votre cookie de connexion sera conserv\u00e9 pendant deux semaines. Si vous vous d\u00e9connectez de votre compte, le cookie de connexion sera effac\u00e9.<\/p>\n\n\n\n<hr class=\"wp-block-separator has-alpha-channel-opacity\"\/>\n\n\n\n<h2 class=\"wp-block-heading\" id=\"contenu-embarque-depuis-d-autres-sites\">Contenu embarqu\u00e9 depuis d\u2019autres sites<\/h2>\n\n\n\n<p>Les articles de ce site peuvent inclure des contenus int\u00e9gr\u00e9s (par exemple des vid\u00e9os, images, articles\u2026). Le contenu int\u00e9gr\u00e9 depuis d\u2019autres sites se comporte de la m\u00eame mani\u00e8re que si le visiteur se rendait sur cet autre site. Ces sites web pourraient collecter des donn\u00e9es sur vous, utiliser des cookies, embarquer des outils de suivis tiers, suivre vos interactions avec ces contenus embarqu\u00e9s si vous disposez d\u2019un compte connect\u00e9 sur leur site web.<\/p>\n\n\n\n<hr class=\"wp-block-separator has-alpha-channel-opacity\"\/>\n\n\n\n<h2 class=\"wp-block-heading\" id=\"durees-de-stockage-de-vos-donnees\">Dur\u00e9es de stockage de vos donn\u00e9es<\/h2>\n\n\n\n<p>Pour les comptes qui s\u2019inscrivent sur notre site (le cas \u00e9ch\u00e9ant), nous stockons \u00e9galement les donn\u00e9es personnelles indiqu\u00e9es dans leur profil. Tous les comptes peuvent voir, modifier ou supprimer leurs informations personnelles \u00e0 tout moment (\u00e0 l\u2019exception de leur identifiant). Les gestionnaires du site peuvent aussi voir et modifier ces informations.<\/p>\n\n\n\n<hr class=\"wp-block-separator has-alpha-channel-opacity\"\/>\n\n\n\n<h2 class=\"wp-block-heading\" id=\"les-droits-que-vous-avez-sur-vos-donnees\">Les droits que vous avez sur vos donn\u00e9es<\/h2>\n\n\n\n<p>Si vous avez un compte ou si vous avez laiss\u00e9 des commentaires sur le site, vous pouvez demander \u00e0 recevoir un fichier contenant toutes les donn\u00e9es personnelles que nous poss\u00e9dons \u00e0 votre sujet, incluant celles que vous nous avez fournies. Vous pouvez \u00e9galement demander la suppression des donn\u00e9es personnelles vous concernant. Cela ne prend pas en compte les donn\u00e9es stock\u00e9es \u00e0 des fins administratives, l\u00e9gales ou pour des raisons de s\u00e9curit\u00e9.<\/p>\n","protected":false},"excerpt":{"rendered":"<p>Qui sommes-nous&nbsp;? Formulaires de contact Les informations fournies dans le formulaire de contact ne seront utilis\u00e9es que dans le cadre d&rsquo;\u00e9change d&rsquo;informations. Cookies Lorsque vous vous connecterez, nous mettrons en place un certain nombre de cookies pour enregistrer vos informations &hellip; <a href=\"https:\/\/motoculture27.com\/?page_id=3756\">Continuer la lecture <span class=\"meta-nav\">&rarr;<\/span><\/a><\/p>\n","protected":false},"author":1,"featured_media":0,"parent":0,"menu_order":0,"comment_status":"closed","ping_status":"closed","template":"","meta":{"_monsterinsights_skip_tracking":false,"_monsterinsights_sitenote_active":false,"_monsterinsights_sitenote_note":"","_monsterinsights_sitenote_category":0,"ngg_post_thumbnail":0,"footnotes":""},"_links":{"self":[{"href":"https:\/\/motoculture27.com\/index.php?rest_route=\/wp\/v2\/pages\/3756"}],"collection":[{"href":"https:\/\/motoculture27.com\/index.php?rest_route=\/wp\/v2\/pages"}],"about":[{"href":"https:\/\/motoculture27.com\/index.php?rest_route=\/wp\/v2\/types\/page"}],"author":[{"embeddable":true,"href":"https:\/\/motoculture27.com\/index.php?rest_route=\/wp\/v2\/users\/1"}],"replies":[{"embeddable":true,"href":"https:\/\/motoculture27.com\/index.php?rest_route=%2Fwp%2Fv2%2Fcomments&post=3756"}],"version-history":[{"count":1,"href":"https:\/\/motoculture27.com\/index.php?rest_route=\/wp\/v2\/pages\/3756\/revisions"}],"predecessor-version":[{"id":3757,"href":"https:\/\/motoculture27.com\/index.php?rest_route=\/wp\/v2\/pages\/3756\/revisions\/3757"}],"wp:attachment":[{"href":"https:\/\/motoculture27.com\/index.php?rest_route=%2Fwp%2Fv2%2Fmedia&parent=3756"}],"curies":[{"name":"wp","href":"https:\/\/api.w.org\/{rel}","templated":true}]}}