{"id":231,"date":"2015-07-03T11:16:19","date_gmt":"2015-07-03T11:16:19","guid":{"rendered":"http:\/\/motoculture27.com\/?page_id=231"},"modified":"2023-07-19T14:54:03","modified_gmt":"2023-07-19T14:54:03","slug":"mentions-legales","status":"publish","type":"page","link":"https:\/\/motoculture27.com\/?page_id=231","title":{"rendered":"Mentions l\u00e9gales"},"content":{"rendered":"<p>Votre utilisation de ce site web constitue votre acceptation des conditions g\u00e9n\u00e9rales et mentions d\u2019avertissement. Ce site peut contenir des liens vers d\u2019autres sites web. Nous n\u2019assumons aucune responsabilit\u00e9 sur le contenu des sites autres que ceux faisant partie de notre domaine. Vous vous engagez \u00e0 ne pas utiliser ce site \u00e0 des fins illicites ou interdites par les lois ou par les mentions l\u00e9gales et contractuelles.<\/p>\n<p>Propri\u00e9taire du site : OMN\u00c8S LOISIRS<br>Adresse :31 bis, rue Neuve &#8211; 27610 ROMILLY SUR ANDELLE<\/p>\n<p><strong>Contenu<\/strong><\/p>\n<p>Nous apportons beaucoup d\u2019attention \u00e0 l\u2019exactitude des donn\u00e9es contenues sur son site web. Si n\u00e9anmoins vous trouviez une information incorrecte ou erron\u00e9e dans nos pages, merci d\u2019en avertir le webmaster via le formulaire de contact.<\/p>\n<p>Les marques, logos et plus g\u00e9n\u00e9ralement tous les \u00e9l\u00e9ments de propri\u00e9t\u00e9 intellectuelle sont la propri\u00e9t\u00e9 de leur auteur, sont d\u00e9pos\u00e9s et prot\u00e9g\u00e9s \u00e0 ce titre. Toute utilisation ou reproduction est interdite. Par ailleurs, les informations contenues sur ce site doivent \u00eatre utilis\u00e9es \u00e0 des fins strictement personnelles. Tout type d\u2019utilisation, de reproduction, de copie ou de diffusion \u00e0 des fins commerciales est interdite.<\/p>\n<p>Nous d\u00e9clinons toute responsabilit\u00e9 quant au contenu des informations fournies sur des sites au titre de l\u2019activation de liens hypertexte.<\/p>\n<p><strong>Respect de la vie priv\u00e9e<\/strong><\/p>\n<p>Conform\u00e9ment \u00e0 l\u2019article 34 de la Loi Informatique et Libert\u00e9s, vous disposez d\u2019un droit d\u2019acc\u00e8s, de modification, de rectification et de suppression des donn\u00e9es qui vous concernent. Pour exercer ce droit d\u2019acc\u00e8s, adressez-vous au webmaster via le formulaire de contact.<\/p>\n<p><strong>R\u00e9alisation et H\u00e9bergement<\/strong><\/p>\n<p>R\u00e9alisation : Webenoo<br>Adresse : 18&nbsp;place Saint Marc \u2013 76000&nbsp;ROUEN<br>Maintenance site web : <a href=\"https:\/\/www.c2cdigitale.com\/\">C2C Digitale.com<\/a><br>H\u00e9bergement : Ovh France<\/p>\n\n","protected":false},"excerpt":{"rendered":"<p>Votre utilisation de ce site web constitue votre acceptation des conditions g\u00e9n\u00e9rales et mentions d\u2019avertissement. Ce site peut contenir des liens vers d\u2019autres sites web. Nous n\u2019assumons aucune responsabilit\u00e9 sur le contenu des sites autres que ceux faisant partie de &hellip; <a href=\"https:\/\/motoculture27.com\/?page_id=231\">Continuer la lecture <span class=\"meta-nav\">&rarr;<\/span><\/a><\/p>\n","protected":false},"author":1,"featured_media":0,"parent":0,"menu_order":0,"comment_status":"closed","ping_status":"open","template":"","meta":{"_monsterinsights_skip_tracking":false,"_monsterinsights_sitenote_active":false,"_monsterinsights_sitenote_note":"","_monsterinsights_sitenote_category":0,"ngg_post_thumbnail":0,"footnotes":""},"_links":{"self":[{"href":"https:\/\/motoculture27.com\/index.php?rest_route=\/wp\/v2\/pages\/231"}],"collection":[{"href":"https:\/\/motoculture27.com\/index.php?rest_route=\/wp\/v2\/pages"}],"about":[{"href":"https:\/\/motoculture27.com\/index.php?rest_route=\/wp\/v2\/types\/page"}],"author":[{"embeddable":true,"href":"https:\/\/motoculture27.com\/index.php?rest_route=\/wp\/v2\/users\/1"}],"replies":[{"embeddable":true,"href":"https:\/\/motoculture27.com\/index.php?rest_route=%2Fwp%2Fv2%2Fcomments&post=231"}],"version-history":[{"count":1,"href":"https:\/\/motoculture27.com\/index.php?rest_route=\/wp\/v2\/pages\/231\/revisions"}],"predecessor-version":[{"id":3758,"href":"https:\/\/motoculture27.com\/index.php?rest_route=\/wp\/v2\/pages\/231\/revisions\/3758"}],"wp:attachment":[{"href":"https:\/\/motoculture27.com\/index.php?rest_route=%2Fwp%2Fv2%2Fmedia&parent=231"}],"curies":[{"name":"wp","href":"https:\/\/api.w.org\/{rel}","templated":true}]}}