{"id":2160,"date":"2019-10-12T12:42:52","date_gmt":"2019-10-12T12:42:52","guid":{"rendered":"http:\/\/motoculture27.com\/?page_id=2160"},"modified":"2019-10-22T13:32:04","modified_gmt":"2019-10-22T13:32:04","slug":"tracteurs-solis","status":"publish","type":"page","link":"https:\/\/motoculture27.com\/?page_id=2160","title":{"rendered":"TRACTEURS SOLIS"},"content":{"rendered":"\n<ul class=\"wp-block-gallery columns-1 is-cropped wp-block-gallery-2 is-layout-flex wp-block-gallery-is-layout-flex\"><li class=\"blocks-gallery-item\"><figure><img loading=\"lazy\" decoding=\"async\" width=\"1024\" height=\"424\" src=\"http:\/\/motoculture27.com\/wp-content\/uploads\/2019\/10\/TRACTEURS-SOLIS-1024x424.png\" alt=\"\" data-id=\"2163\" data-link=\"http:\/\/motoculture27.com\/?attachment_id=2163\" class=\"wp-image-2163\" srcset=\"https:\/\/motoculture27.com\/wp-content\/uploads\/2019\/10\/TRACTEURS-SOLIS-1024x424.png 1024w, https:\/\/motoculture27.com\/wp-content\/uploads\/2019\/10\/TRACTEURS-SOLIS-300x124.png 300w, https:\/\/motoculture27.com\/wp-content\/uploads\/2019\/10\/TRACTEURS-SOLIS-768x318.png 768w, https:\/\/motoculture27.com\/wp-content\/uploads\/2019\/10\/TRACTEURS-SOLIS-500x207.png 500w, https:\/\/motoculture27.com\/wp-content\/uploads\/2019\/10\/TRACTEURS-SOLIS.png 2000w\" sizes=\"(max-width: 1024px) 100vw, 1024px\" \/><figcaption> <strong><em>Microtracteurs tr\u00e8s robuste tr\u00e8s bon rapport qualit\u00e9 prix &#8211; homologu\u00e9s route <\/em><\/strong>&#8211; 100% \u00e9quip\u00e9s<\/figcaption><\/figure><\/li><\/ul>\n\n\n\n<p style=\"text-align: center;\"><span style=\"text-decoration: underline;\"><em><strong>TRACTEUR SOLIS 20<\/strong><\/em><\/span><\/p>\n<p>&nbsp;<\/p>\n<p><img decoding=\"async\" src=\"https:\/\/www.solistracteur.fr\/upload\/nouveau_solis_26_20180048.JPG\"><\/p>\n<p style=\"text-align: center;\"><a href=\"https:\/\/fr.calameo.com\/read\/00441252620eae3532bbf\"> \u27a1 https:\/\/fr.calameo.com\/read\/00441252620eae3532bbf<\/a><\/p>\n<p>&nbsp;<\/p>\n<p>&nbsp;<\/p>\n<p style=\"text-align: center;\"><span style=\"text-decoration: underline;\"><em><strong>TRACTEUR SOLIS 26<\/strong><\/em><\/span><\/p>\n<p><img decoding=\"async\" src=\"https:\/\/s3-eu-west-1.amazonaws.com\/sc-files.pjms.fr\/p\/pjms\/429\/000\/433\/229\/b57423fc85d840ff80af0e52198b29bb.jpg\" alt=\"R\u00e9sultat de recherche d'images pour &quot;SOLIS 26 CHARGEUR&quot;\"><\/p>\n<p style=\"text-align: center;\"><a href=\"https:\/\/fr.calameo.com\/read\/004412526d944262e3060\"> \u27a1 https:\/\/fr.calameo.com\/read\/004412526d944262e3060<\/a><\/p>\n<p>&nbsp;<\/p>\n<p>&nbsp;<\/p>\n<p>&nbsp;<\/p>\n<p style=\"text-align: center;\"><span style=\"text-decoration: underline;\"><em><strong>TRACTEUR SOLIS 50<\/strong><\/em><\/span><\/p>\n<p><img decoding=\"async\" src=\"https:\/\/www.leroygauthier.be\/images\/ashx\/tracteur-solis-50rx-50cv-4x4-direction-assistee-pneu-agraire-standard-2.jpeg?s_id=trac8c0181&amp;imgfield=s_image2&amp;imgwidth=700&amp;imgheight=700\" alt=\"R\u00e9sultat de recherche d'images pour &quot;SOLIS 50 chargeur&quot;\"><\/p>\n<p style=\"text-align: center;\"><a href=\"https:\/\/fr.calameo.com\/read\/00441252632e814d82237\"> \u27a1 https:\/\/fr.calameo.com\/read\/00441252632e814d82237<\/a><\/p>\n","protected":false},"excerpt":{"rendered":"<p>TRACTEUR SOLIS 20 &nbsp; \u27a1 https:\/\/fr.calameo.com\/read\/00441252620eae3532bbf &nbsp; &nbsp; TRACTEUR SOLIS 26 \u27a1 https:\/\/fr.calameo.com\/read\/004412526d944262e3060 &nbsp; &nbsp; &nbsp; TRACTEUR SOLIS 50 \u27a1 https:\/\/fr.calameo.com\/read\/00441252632e814d82237<\/p>\n","protected":false},"author":1,"featured_media":0,"parent":0,"menu_order":0,"comment_status":"closed","ping_status":"closed","template":"","meta":{"_monsterinsights_skip_tracking":false,"_monsterinsights_sitenote_active":false,"_monsterinsights_sitenote_note":"","_monsterinsights_sitenote_category":0,"ngg_post_thumbnail":0,"footnotes":""},"_links":{"self":[{"href":"https:\/\/motoculture27.com\/index.php?rest_route=\/wp\/v2\/pages\/2160"}],"collection":[{"href":"https:\/\/motoculture27.com\/index.php?rest_route=\/wp\/v2\/pages"}],"about":[{"href":"https:\/\/motoculture27.com\/index.php?rest_route=\/wp\/v2\/types\/page"}],"author":[{"embeddable":true,"href":"https:\/\/motoculture27.com\/index.php?rest_route=\/wp\/v2\/users\/1"}],"replies":[{"embeddable":true,"href":"https:\/\/motoculture27.com\/index.php?rest_route=%2Fwp%2Fv2%2Fcomments&post=2160"}],"version-history":[{"count":0,"href":"https:\/\/motoculture27.com\/index.php?rest_route=\/wp\/v2\/pages\/2160\/revisions"}],"wp:attachment":[{"href":"https:\/\/motoculture27.com\/index.php?rest_route=%2Fwp%2Fv2%2Fmedia&parent=2160"}],"curies":[{"name":"wp","href":"https:\/\/api.w.org\/{rel}","templated":true}]}}