{"id":210,"date":"2015-07-01T07:38:23","date_gmt":"2015-07-01T07:38:23","guid":{"rendered":"http:\/\/motoculture27.com\/?page_id=210"},"modified":"2024-11-14T14:38:34","modified_gmt":"2024-11-14T14:38:34","slug":"accueil","status":"publish","type":"page","link":"https:\/\/motoculture27.com\/","title":{"rendered":"ACCUEIL"},"content":{"rendered":"<div class=\"wp-block-image\">\n<figure class=\"aligncenter size-large is-resized\"><a href=\"https:\/\/motoculture27.com\/wp-content\/uploads\/2024\/02\/MAITRE-ARTISAN.jpg\"><img loading=\"lazy\" decoding=\"async\" width=\"1024\" height=\"652\" src=\"https:\/\/motoculture27.com\/wp-content\/uploads\/2024\/02\/MAITRE-ARTISAN-1024x652.jpg\" alt=\"\" class=\"wp-image-3774\" style=\"width:-348px;height:-219px\" srcset=\"https:\/\/motoculture27.com\/wp-content\/uploads\/2024\/02\/MAITRE-ARTISAN-1024x652.jpg 1024w, https:\/\/motoculture27.com\/wp-content\/uploads\/2024\/02\/MAITRE-ARTISAN-300x191.jpg 300w, https:\/\/motoculture27.com\/wp-content\/uploads\/2024\/02\/MAITRE-ARTISAN-768x489.jpg 768w, https:\/\/motoculture27.com\/wp-content\/uploads\/2024\/02\/MAITRE-ARTISAN-1536x979.jpg 1536w, https:\/\/motoculture27.com\/wp-content\/uploads\/2024\/02\/MAITRE-ARTISAN-2048x1305.jpg 2048w, https:\/\/motoculture27.com\/wp-content\/uploads\/2024\/02\/MAITRE-ARTISAN-471x300.jpg 471w\" sizes=\"(max-width: 1024px) 100vw, 1024px\" \/><\/a><\/figure><\/div>\n\n\n<p><a href=\"http:\/\/motoculture27.com\/wp-content\/uploads\/2017\/12\/logo-artisan.jpg\">&nbsp;<\/a><\/p>\n\n\n\n<p class=\"has-text-align-center\"><em><strong>OMN\u00c8S LOISIRS<\/strong><\/em> est une Entreprise Individuelle, <strong>artisanale<\/strong> et <strong>familiale&nbsp;<\/strong>situ\u00e9e au c\u0153ur de la vall\u00e9e de l\u2019Andelle dans le canton de Romilly sur Andelle.<\/p>\n\n\n\n<p class=\"has-text-align-center\">Cr\u00e9e en 2007 par&nbsp;<span style=\"font-weight: 300;\">Mr &amp; Mme OMN\u00c8S.<\/span><\/p>\n\n\n\n<p class=\"has-text-align-center\">L\u2019entreprise est sp\u00e9cialis\u00e9e dans la vente, l\u2019entretien, la r\u00e9paration du mat\u00e9riel de motoculture, le petit mat\u00e9riel de chantier et la voiture sans permis.<\/p>\n\n\n\n<p class=\"has-text-align-center\">Nous proposons des marques reconnues (STIHL &#8211; KUBOTA &#8211; TRACTEURS SOLIS &#8211; OUTILS WOLF &#8211; ETESIA &#8211; STAUB &#8211; OLEO MAC  &#8211; HONDA &#8230;) qui garantissent un mat\u00e9riel performant pour r\u00e9pondre efficacement et rapidement aux attentes de nos clients.<\/p>\n\n\n\n<p class=\"has-text-align-center\">Ce site est fait pour vous, vous y trouverez un large choix de mat\u00e9riel, accessoires ainsi que tous les services que nous pouvons vous proposer (vente, entretien, r\u00e9paration).<\/p>\n\n\n\n<p class=\"has-text-align-center\">N\u2019h\u00e9sitez pas \u00e0 nous contacter ou nous rendre visite pour tous renseignements compl\u00e9mentaires.<\/p>\n\n\n\n<p class=\"has-text-align-center\">Et retrouvez nous sur facebook&nbsp;\u21d2&nbsp; &nbsp;<a href=\"https:\/\/fr-fr.facebook.com\/OMNES.LOISIRS\/\" class=\"broken_link\">https:\/\/fr-fr.facebook.com\/OMNES.LOISIRS\/<\/a><\/p>\n\n\n\n<figure class=\"wp-block-image size-large\"><a href=\"https:\/\/motoculture27.com\/wp-content\/uploads\/2022\/07\/photo-magasin-7-scaled.jpg\"><img loading=\"lazy\" decoding=\"async\" width=\"1024\" height=\"576\" src=\"https:\/\/motoculture27.com\/wp-content\/uploads\/2022\/07\/photo-magasin-7-1024x576.jpg\" alt=\"\" class=\"wp-image-3686\" srcset=\"https:\/\/motoculture27.com\/wp-content\/uploads\/2022\/07\/photo-magasin-7-1024x576.jpg 1024w, https:\/\/motoculture27.com\/wp-content\/uploads\/2022\/07\/photo-magasin-7-300x169.jpg 300w, https:\/\/motoculture27.com\/wp-content\/uploads\/2022\/07\/photo-magasin-7-768x432.jpg 768w, https:\/\/motoculture27.com\/wp-content\/uploads\/2022\/07\/photo-magasin-7-1536x864.jpg 1536w, https:\/\/motoculture27.com\/wp-content\/uploads\/2022\/07\/photo-magasin-7-2048x1152.jpg 2048w, https:\/\/motoculture27.com\/wp-content\/uploads\/2022\/07\/photo-magasin-7-500x281.jpg 500w\" sizes=\"(max-width: 1024px) 100vw, 1024px\" \/><\/a><\/figure>\n\n\n\n<figure class=\"wp-block-image size-large\"><a href=\"https:\/\/motoculture27.com\/wp-content\/uploads\/2022\/07\/photo-magasin-1.png\"><img loading=\"lazy\" decoding=\"async\" width=\"1024\" height=\"493\" src=\"https:\/\/motoculture27.com\/wp-content\/uploads\/2022\/07\/photo-magasin-1-1024x493.png\" alt=\"\" class=\"wp-image-3684\" srcset=\"https:\/\/motoculture27.com\/wp-content\/uploads\/2022\/07\/photo-magasin-1-1024x493.png 1024w, https:\/\/motoculture27.com\/wp-content\/uploads\/2022\/07\/photo-magasin-1-300x144.png 300w, https:\/\/motoculture27.com\/wp-content\/uploads\/2022\/07\/photo-magasin-1-768x370.png 768w, https:\/\/motoculture27.com\/wp-content\/uploads\/2022\/07\/photo-magasin-1-1536x740.png 1536w, https:\/\/motoculture27.com\/wp-content\/uploads\/2022\/07\/photo-magasin-1-2048x986.png 2048w, https:\/\/motoculture27.com\/wp-content\/uploads\/2022\/07\/photo-magasin-1-500x241.png 500w\" sizes=\"(max-width: 1024px) 100vw, 1024px\" \/><\/a><\/figure>\n\n\n\n<figure class=\"wp-block-image size-large\"><a href=\"https:\/\/motoculture27.com\/wp-content\/uploads\/2022\/07\/photo-magasin-8-scaled.jpg\"><img loading=\"lazy\" decoding=\"async\" width=\"1024\" height=\"576\" src=\"https:\/\/motoculture27.com\/wp-content\/uploads\/2022\/07\/photo-magasin-8-1024x576.jpg\" alt=\"\" class=\"wp-image-3685\" srcset=\"https:\/\/motoculture27.com\/wp-content\/uploads\/2022\/07\/photo-magasin-8-1024x576.jpg 1024w, https:\/\/motoculture27.com\/wp-content\/uploads\/2022\/07\/photo-magasin-8-300x169.jpg 300w, https:\/\/motoculture27.com\/wp-content\/uploads\/2022\/07\/photo-magasin-8-768x432.jpg 768w, https:\/\/motoculture27.com\/wp-content\/uploads\/2022\/07\/photo-magasin-8-1536x864.jpg 1536w, https:\/\/motoculture27.com\/wp-content\/uploads\/2022\/07\/photo-magasin-8-2048x1152.jpg 2048w, https:\/\/motoculture27.com\/wp-content\/uploads\/2022\/07\/photo-magasin-8-500x281.jpg 500w\" sizes=\"(max-width: 1024px) 100vw, 1024px\" \/><\/a><\/figure>\n\n\n\n<figure class=\"wp-block-image size-large\"><a href=\"https:\/\/motoculture27.com\/wp-content\/uploads\/2022\/07\/photo-magasin-2-scaled.jpg\"><img loading=\"lazy\" decoding=\"async\" width=\"1024\" height=\"576\" src=\"https:\/\/motoculture27.com\/wp-content\/uploads\/2022\/07\/photo-magasin-2-1024x576.jpg\" alt=\"\" class=\"wp-image-3683\" srcset=\"https:\/\/motoculture27.com\/wp-content\/uploads\/2022\/07\/photo-magasin-2-1024x576.jpg 1024w, https:\/\/motoculture27.com\/wp-content\/uploads\/2022\/07\/photo-magasin-2-300x169.jpg 300w, https:\/\/motoculture27.com\/wp-content\/uploads\/2022\/07\/photo-magasin-2-768x432.jpg 768w, https:\/\/motoculture27.com\/wp-content\/uploads\/2022\/07\/photo-magasin-2-1536x864.jpg 1536w, https:\/\/motoculture27.com\/wp-content\/uploads\/2022\/07\/photo-magasin-2-2048x1152.jpg 2048w, https:\/\/motoculture27.com\/wp-content\/uploads\/2022\/07\/photo-magasin-2-500x281.jpg 500w\" sizes=\"(max-width: 1024px) 100vw, 1024px\" \/><\/a><\/figure>\n\n\n\n<figure class=\"wp-block-image size-large\"><a href=\"https:\/\/motoculture27.com\/wp-content\/uploads\/2022\/07\/photo-magasin-5-scaled.jpg\"><img loading=\"lazy\" decoding=\"async\" width=\"1024\" height=\"576\" src=\"https:\/\/motoculture27.com\/wp-content\/uploads\/2022\/07\/photo-magasin-5-1024x576.jpg\" alt=\"\" class=\"wp-image-3687\" srcset=\"https:\/\/motoculture27.com\/wp-content\/uploads\/2022\/07\/photo-magasin-5-1024x576.jpg 1024w, https:\/\/motoculture27.com\/wp-content\/uploads\/2022\/07\/photo-magasin-5-300x169.jpg 300w, https:\/\/motoculture27.com\/wp-content\/uploads\/2022\/07\/photo-magasin-5-768x432.jpg 768w, https:\/\/motoculture27.com\/wp-content\/uploads\/2022\/07\/photo-magasin-5-1536x864.jpg 1536w, https:\/\/motoculture27.com\/wp-content\/uploads\/2022\/07\/photo-magasin-5-2048x1152.jpg 2048w, https:\/\/motoculture27.com\/wp-content\/uploads\/2022\/07\/photo-magasin-5-500x281.jpg 500w\" sizes=\"(max-width: 1024px) 100vw, 1024px\" \/><\/a><\/figure>\n\n\n\n<figure class=\"wp-block-image\"><img decoding=\"async\" src=\"http:\/\/motoculture27.com\/wp-content\/uploads\/2015\/06\/CAM01175.jpg\" alt=\"CAM01175\"\/><\/figure>\n\n\n\n<figure class=\"wp-block-image\"><img decoding=\"async\" src=\"http:\/\/motoculture27.com\/wp-content\/uploads\/2015\/06\/cropped-CAM01188.jpg\" alt=\"http:\/\/motoculture27.com\/wp-content\/uploads\/2015\/06\/cropped-CAM01188.jpg\"\/><\/figure>\n\n\n","protected":false},"excerpt":{"rendered":"<p>&nbsp; OMN\u00c8S LOISIRS est une Entreprise Individuelle, artisanale et familiale&nbsp;situ\u00e9e au c\u0153ur de la vall\u00e9e de l\u2019Andelle dans le canton de Romilly sur Andelle. Cr\u00e9e en 2007 par&nbsp;Mr &amp; Mme OMN\u00c8S. L\u2019entreprise est sp\u00e9cialis\u00e9e dans la vente, l\u2019entretien, la r\u00e9paration &hellip; <a href=\"https:\/\/motoculture27.com\/\">Continuer la lecture <span class=\"meta-nav\">&rarr;<\/span><\/a><\/p>\n","protected":false},"author":1,"featured_media":0,"parent":0,"menu_order":0,"comment_status":"closed","ping_status":"closed","template":"","meta":{"_monsterinsights_skip_tracking":false,"_monsterinsights_sitenote_active":false,"_monsterinsights_sitenote_note":"","_monsterinsights_sitenote_category":0,"ngg_post_thumbnail":0,"footnotes":""},"_links":{"self":[{"href":"https:\/\/motoculture27.com\/index.php?rest_route=\/wp\/v2\/pages\/210"}],"collection":[{"href":"https:\/\/motoculture27.com\/index.php?rest_route=\/wp\/v2\/pages"}],"about":[{"href":"https:\/\/motoculture27.com\/index.php?rest_route=\/wp\/v2\/types\/page"}],"author":[{"embeddable":true,"href":"https:\/\/motoculture27.com\/index.php?rest_route=\/wp\/v2\/users\/1"}],"replies":[{"embeddable":true,"href":"https:\/\/motoculture27.com\/index.php?rest_route=%2Fwp%2Fv2%2Fcomments&post=210"}],"version-history":[{"count":6,"href":"https:\/\/motoculture27.com\/index.php?rest_route=\/wp\/v2\/pages\/210\/revisions"}],"predecessor-version":[{"id":3815,"href":"https:\/\/motoculture27.com\/index.php?rest_route=\/wp\/v2\/pages\/210\/revisions\/3815"}],"wp:attachment":[{"href":"https:\/\/motoculture27.com\/index.php?rest_route=%2Fwp%2Fv2%2Fmedia&parent=210"}],"curies":[{"name":"wp","href":"https:\/\/api.w.org\/{rel}","templated":true}]}}