{"id":12,"date":"2015-06-24T07:44:12","date_gmt":"2015-06-24T07:44:12","guid":{"rendered":"http:\/\/motoculture27.com\/?page_id=12"},"modified":"2019-10-12T12:45:26","modified_gmt":"2019-10-12T12:45:26","slug":"motoculture","status":"publish","type":"page","link":"https:\/\/motoculture27.com\/?page_id=12","title":{"rendered":"MOTOCULTURE"},"content":{"rendered":"<p>Omn\u00e8s Loisirs&nbsp;vous propose une large gamme de machines, produits, accessoires, v\u00eatements, chaussures, et pi\u00e8ces d\u00e9tach\u00e9es, pour l&rsquo;entretien de vos jardins.<br \/>\nVous trouverez chez nous des avis, astuces et conseils \u00e0 toutes vos demandes, adapt\u00e9s \u00e0 vos besoins.<\/p>\n<p>&nbsp;<\/p>\n","protected":false},"excerpt":{"rendered":"<p>Omn\u00e8s Loisirs&nbsp;vous propose une large gamme de machines, produits, accessoires, v\u00eatements, chaussures, et pi\u00e8ces d\u00e9tach\u00e9es, pour l&rsquo;entretien de vos jardins. Vous trouverez chez nous des avis, astuces et conseils \u00e0 toutes vos demandes, adapt\u00e9s \u00e0 vos besoins. &nbsp;<\/p>\n","protected":false},"author":1,"featured_media":0,"parent":0,"menu_order":0,"comment_status":"closed","ping_status":"closed","template":"","meta":{"_monsterinsights_skip_tracking":false,"_monsterinsights_sitenote_active":false,"_monsterinsights_sitenote_note":"","_monsterinsights_sitenote_category":0,"ngg_post_thumbnail":0,"footnotes":""},"_links":{"self":[{"href":"https:\/\/motoculture27.com\/index.php?rest_route=\/wp\/v2\/pages\/12"}],"collection":[{"href":"https:\/\/motoculture27.com\/index.php?rest_route=\/wp\/v2\/pages"}],"about":[{"href":"https:\/\/motoculture27.com\/index.php?rest_route=\/wp\/v2\/types\/page"}],"author":[{"embeddable":true,"href":"https:\/\/motoculture27.com\/index.php?rest_route=\/wp\/v2\/users\/1"}],"replies":[{"embeddable":true,"href":"https:\/\/motoculture27.com\/index.php?rest_route=%2Fwp%2Fv2%2Fcomments&post=12"}],"version-history":[{"count":0,"href":"https:\/\/motoculture27.com\/index.php?rest_route=\/wp\/v2\/pages\/12\/revisions"}],"wp:attachment":[{"href":"https:\/\/motoculture27.com\/index.php?rest_route=%2Fwp%2Fv2%2Fmedia&parent=12"}],"curies":[{"name":"wp","href":"https:\/\/api.w.org\/{rel}","templated":true}]}}