{"id":1055,"date":"2017-12-16T16:20:21","date_gmt":"2017-12-16T16:20:21","guid":{"rendered":"http:\/\/motoculture27.com\/?page_id=1055"},"modified":"2021-12-18T14:48:19","modified_gmt":"2021-12-18T14:48:19","slug":"chaine-de-tronconneuse","status":"publish","type":"page","link":"https:\/\/motoculture27.com\/?page_id=1055","title":{"rendered":"CHAINES DE TRON\u00c7ONNEUSE"},"content":{"rendered":"<p>&nbsp;<\/p>\n<p style=\"text-align: center;\">Vente chaines de grandes marques reconnues.<\/p>\n<p style=\"text-align: center;\">Nous r\u00e9alisons \u00e0 la demande toutes vos cha\u00eenes de tron\u00e7onneuses.<\/p>\n<p><a href=\"http:\/\/motoculture27.com\/wp-content\/uploads\/2017\/12\/stihl_logo.gif\">&nbsp; &nbsp; &nbsp; &nbsp; &nbsp;&nbsp;<img loading=\"lazy\" decoding=\"async\" class=\"alignnone wp-image-1064\" src=\"http:\/\/motoculture27.com\/wp-content\/uploads\/2017\/12\/stihl_logo-300x79.gif\" alt=\"\" width=\"158\" height=\"46\"><\/a>&nbsp;<a href=\"http:\/\/motoculture27.com\/wp-content\/uploads\/2017\/12\/Oregon-Logo.jpg\"><img loading=\"lazy\" decoding=\"async\" class=\"alignnone wp-image-1060\" src=\"http:\/\/motoculture27.com\/wp-content\/uploads\/2017\/12\/Oregon-Logo-300x96.jpg\" alt=\"\" width=\"135\" height=\"52\">&nbsp;<\/a><a href=\"http:\/\/motoculture27.com\/wp-content\/uploads\/2017\/12\/Carlton.jpg\"><img loading=\"lazy\" decoding=\"async\" class=\"alignnone wp-image-1063\" src=\"http:\/\/motoculture27.com\/wp-content\/uploads\/2017\/12\/Carlton-300x77.jpg\" alt=\"\" width=\"167\" height=\"52\"><\/a><\/p>\n<p style=\"text-align: center;\">Vos chaines ne coupent plus ?&nbsp;Confiez-les nous sans plus attendre.<\/p>\n<p style=\"text-align: center;\">Nos prestations s&rsquo;adressent aux particuliers&nbsp;comme aux professionnels.<\/p>\n<p style=\"text-align: center;\"><em><strong>AFF\u00dbTAGE COMPLET ET PROFESSIONNEL dans nos ateliers.<\/strong><\/em><\/p>\n<p><a href=\"http:\/\/motoculture27.com\/wp-content\/uploads\/2017\/12\/atelier-affutage-2.jpg\"><img loading=\"lazy\" decoding=\"async\" class=\" wp-image-1070 aligncenter\" src=\"http:\/\/motoculture27.com\/wp-content\/uploads\/2017\/12\/atelier-affutage-2-300x169.jpg\" alt=\"\" width=\"355\" height=\"206\"><\/a><\/p>\n<p>Tarifs et conditions en magasin.<\/p>\n<p>&nbsp;<\/p>\n\n\n<figure class=\"wp-block-gallery columns-2 is-cropped wp-block-gallery-2 is-layout-flex wp-block-gallery-is-layout-flex\"><ul class=\"blocks-gallery-grid\"><li class=\"blocks-gallery-item\"><figure><a href=\"https:\/\/motoculture27.com\/wp-content\/uploads\/2021\/12\/GONDOLE-CHAINES-ET-GUIDES.jpg\"><img loading=\"lazy\" decoding=\"async\" width=\"645\" height=\"957\" src=\"https:\/\/motoculture27.com\/wp-content\/uploads\/2021\/12\/GONDOLE-CHAINES-ET-GUIDES.jpg\" alt=\"\" data-id=\"3485\" data-full-url=\"https:\/\/motoculture27.com\/wp-content\/uploads\/2021\/12\/GONDOLE-CHAINES-ET-GUIDES.jpg\" data-link=\"https:\/\/motoculture27.com\/?attachment_id=3485\" class=\"wp-image-3485\" srcset=\"https:\/\/motoculture27.com\/wp-content\/uploads\/2021\/12\/GONDOLE-CHAINES-ET-GUIDES.jpg 645w, https:\/\/motoculture27.com\/wp-content\/uploads\/2021\/12\/GONDOLE-CHAINES-ET-GUIDES-202x300.jpg 202w\" sizes=\"(max-width: 645px) 100vw, 645px\" \/><\/a><\/figure><\/li><li class=\"blocks-gallery-item\"><figure><a href=\"https:\/\/motoculture27.com\/wp-content\/uploads\/2017\/12\/20171216_171348-e1513594999658.jpg\"><img loading=\"lazy\" decoding=\"async\" width=\"576\" height=\"1024\" src=\"https:\/\/motoculture27.com\/wp-content\/uploads\/2017\/12\/20171216_171348-e1513594999658-576x1024.jpg\" alt=\"\" data-id=\"1062\" data-full-url=\"https:\/\/motoculture27.com\/wp-content\/uploads\/2017\/12\/20171216_171348-e1513594999658.jpg\" data-link=\"https:\/\/motoculture27.com\/?attachment_id=1062\" class=\"wp-image-1062\" srcset=\"https:\/\/motoculture27.com\/wp-content\/uploads\/2017\/12\/20171216_171348-e1513594999658-576x1024.jpg 576w, https:\/\/motoculture27.com\/wp-content\/uploads\/2017\/12\/20171216_171348-e1513594999658-169x300.jpg 169w, https:\/\/motoculture27.com\/wp-content\/uploads\/2017\/12\/20171216_171348-e1513594999658-768x1365.jpg 768w\" sizes=\"(max-width: 576px) 100vw, 576px\" \/><\/a><\/figure><\/li><\/ul><\/figure>\n","protected":false},"excerpt":{"rendered":"<p>&nbsp; Vente chaines de grandes marques reconnues. Nous r\u00e9alisons \u00e0 la demande toutes vos cha\u00eenes de tron\u00e7onneuses. &nbsp; &nbsp; &nbsp; &nbsp; &nbsp;&nbsp;&nbsp;&nbsp; Vos chaines ne coupent plus ?&nbsp;Confiez-les nous sans plus attendre. Nos prestations s&rsquo;adressent aux particuliers&nbsp;comme aux professionnels. AFF\u00dbTAGE &hellip; <a href=\"https:\/\/motoculture27.com\/?page_id=1055\">Continuer la lecture <span class=\"meta-nav\">&rarr;<\/span><\/a><\/p>\n","protected":false},"author":1,"featured_media":0,"parent":0,"menu_order":0,"comment_status":"closed","ping_status":"closed","template":"","meta":{"_monsterinsights_skip_tracking":false,"_monsterinsights_sitenote_active":false,"_monsterinsights_sitenote_note":"","_monsterinsights_sitenote_category":0,"ngg_post_thumbnail":0,"footnotes":""},"_links":{"self":[{"href":"https:\/\/motoculture27.com\/index.php?rest_route=\/wp\/v2\/pages\/1055"}],"collection":[{"href":"https:\/\/motoculture27.com\/index.php?rest_route=\/wp\/v2\/pages"}],"about":[{"href":"https:\/\/motoculture27.com\/index.php?rest_route=\/wp\/v2\/types\/page"}],"author":[{"embeddable":true,"href":"https:\/\/motoculture27.com\/index.php?rest_route=\/wp\/v2\/users\/1"}],"replies":[{"embeddable":true,"href":"https:\/\/motoculture27.com\/index.php?rest_route=%2Fwp%2Fv2%2Fcomments&post=1055"}],"version-history":[{"count":0,"href":"https:\/\/motoculture27.com\/index.php?rest_route=\/wp\/v2\/pages\/1055\/revisions"}],"wp:attachment":[{"href":"https:\/\/motoculture27.com\/index.php?rest_route=%2Fwp%2Fv2%2Fmedia&parent=1055"}],"curies":[{"name":"wp","href":"https:\/\/api.w.org\/{rel}","templated":true}]}}